{"id":236,"date":"2023-11-21T11:36:56","date_gmt":"2023-11-21T10:36:56","guid":{"rendered":"https:\/\/animacoeur.org\/?page_id=236"},"modified":"2024-03-14T21:34:10","modified_gmt":"2024-03-14T20:34:10","slug":"nos-partenaires","status":"publish","type":"page","link":"https:\/\/animacoeur.org\/index.php\/home\/nos-partenaires\/","title":{"rendered":"Nos partenaires"},"content":{"rendered":"\n<main class=\"wp-block-group main-front-page is-layout-constrained wp-block-group-is-layout-constrained\">\n<div class=\"wp-block-group alignfull wp-block-section wp-block-feature-content is-style-default has-background is-layout-constrained wp-block-group-is-layout-constrained\" style=\"background-color:#ebfdff\">\n<div class=\"wp-block-group wp-block-group-heading is-layout-flow wp-block-group-is-layout-flow\">\n<h2 class=\"wp-block-heading has-text-align-center\"> Nos partenaires<\/h2>\n\n\n\n<div class=\"wp-block-columns is-layout-flex wp-container-core-columns-is-layout-28f84493 wp-block-columns-is-layout-flex\">\n<div class=\"wp-block-column is-layout-flow wp-block-column-is-layout-flow\" style=\"flex-basis:100%\">\n<p class=\"has-text-align-center has-medium-font-size\">Vous pouvez \u00e9galement nous soutenir en achetant en ligne sur l&rsquo;un des deux sites ci-dessous gr\u00e2ce un lien partenaire qui nous permet de recevoir une commission. Vous payez le m\u00eame prix, et nous y gagnons pour notre association !<\/p>\n<\/div>\n<\/div>\n<\/div>\n\n\n\n<hr class=\"wp-block-separator has-alpha-channel-opacity is-style-wide\"\/>\n\n\n\n<figure class=\"wp-block-table\"><table class=\"has-fixed-layout\" style=\"border-style:none;border-width:0px\"><tbody><tr><td class=\"has-text-align-center\" data-align=\"center\"><img loading=\"lazy\" decoding=\"async\" width=\"150\" height=\"42\" class=\"wp-image-237\" style=\"width: 150px;\" src=\"https:\/\/animacoeur.org\/wp-content\/uploads\/2023\/11\/zooplus.png\" alt=\"\"><\/td><td class=\"has-text-align-center\" data-align=\"center\"><img loading=\"lazy\" decoding=\"async\" width=\"150\" height=\"44\" class=\"wp-image-1172\" style=\"width: 150px;\" src=\"https:\/\/animacoeur.org\/wp-content\/uploads\/2024\/03\/Bitiba.png\" alt=\"\"><\/td><\/tr><tr><td class=\"has-text-align-center\" data-align=\"center\"><a href=\"https:\/\/www.awin1.com\/cread.php?awinmid=7334&amp;awinaffid=290377&amp;clickref=&amp;p=\">Lien partenaire ZooPlus<\/a><\/td><td class=\"has-text-align-center\" data-align=\"center\"><a href=\"https:\/\/www.awin1.com\/cread.php?s=2190110&amp;v=13330&amp;q=340481&amp;r=290377\">Lien partenaire Bitiba<\/a><\/td><\/tr><\/tbody><\/table><\/figure>\n\n\n\n<hr class=\"wp-block-separator has-alpha-channel-opacity is-style-wide\"\/>\n\n\n\n<figure class=\"wp-block-table has-small-font-size\" style=\"padding-right:0;padding-left:0\"><table class=\"has-fixed-layout\" style=\"border-style:none;border-width:0px\"><tbody><tr><td class=\"has-text-align-center\" data-align=\"center\">Faites vos recherches Internet sur Lilo et reversez-nous vos gouttes !<br><br>Lilo est un moteur de recherche qui finances des projets sociaux et environnementaux.<\/td><td class=\"has-text-align-center\" data-align=\"center\">Rejoignez notre Teaming en donnant 1\u20ac par mois !<br><br>Apr\u00e8s d\u00e9duction fiscale, cela vous reviendra \u00e0 environ 4 euros\/an.<\/td><td class=\"has-text-align-center\" data-align=\"center\">1\u00e8re F\u00e9d\u00e9ration d\u2019Associations de Protection, M\u00e9diation et de Droit des Animaux. M\u00e9c\u00e9nat de comp\u00e9tences et soutien multiformes. Un ovni dans le ciel associatif avec 43 associations accompagn\u00e9es !<\/td><\/tr><tr><td class=\"has-text-align-center\" data-align=\"center\"><img loading=\"lazy\" decoding=\"async\" width=\"150\" height=\"92\" class=\"wp-image-242\" style=\"width: 150px;\" src=\"https:\/\/animacoeur.org\/wp-content\/uploads\/2023\/11\/Lilo.png\" alt=\"\"><\/td><td class=\"has-text-align-center\" data-align=\"center\"><img loading=\"lazy\" decoding=\"async\" width=\"220\" height=\"57\" class=\"wp-image-244\" style=\"width: 220px;\" src=\"https:\/\/animacoeur.org\/wp-content\/uploads\/2023\/11\/Teaming.png\" alt=\"\" srcset=\"https:\/\/animacoeur.org\/wp-content\/uploads\/2023\/11\/Teaming.png 544w, https:\/\/animacoeur.org\/wp-content\/uploads\/2023\/11\/Teaming-300x77.png 300w\" sizes=\"auto, (max-width: 220px) 100vw, 220px\" \/><\/td><td class=\"has-text-align-center\" data-align=\"center\"><img loading=\"lazy\" decoding=\"async\" width=\"220\" height=\"88\" class=\"wp-image-245\" style=\"width: 220px;\" src=\"https:\/\/animacoeur.org\/wp-content\/uploads\/2023\/11\/Archeasso.png\" alt=\"\"><\/td><\/tr><tr><td class=\"has-text-align-center\" data-align=\"center\"><a href=\"https:\/\/www.lilo.org\/animacoeur-92\/\">https:\/\/www.lilo.org\/animacoeur-92\/<\/a><\/td><td class=\"has-text-align-center\" data-align=\"center\"><a href=\"https:\/\/www.teaming.net\/animacoeur\">https:\/\/www.teaming.net\/animacoeur<\/a><\/td><td class=\"has-text-align-center\" data-align=\"center\"><a href=\"https:\/\/www.arche-association.fr\/\">https:\/\/www.arche-association.fr\/<\/a><\/td><\/tr><\/tbody><\/table><\/figure>\n<\/div>\n<\/main>\n","protected":false},"excerpt":{"rendered":"<p>Nos partenaires Vous pouvez \u00e9galement nous soutenir en achetant en ligne sur l&rsquo;un des deux sites ci-dessous gr\u00e2ce un lien partenaire qui nous permet de recevoir une commission. Vous payez le m\u00eame prix, et nous y gagnons pour notre association ! Lien partenaire ZooPlus Lien partenaire Bitiba Faites vos recherches Internet sur Lilo et reversez-nous [&hellip;]<\/p>\n","protected":false},"author":1,"featured_media":0,"parent":37,"menu_order":0,"comment_status":"closed","ping_status":"closed","template":"","meta":{"footnotes":""},"class_list":["post-236","page","type-page","status-publish","hentry"],"_links":{"self":[{"href":"https:\/\/animacoeur.org\/index.php\/wp-json\/wp\/v2\/pages\/236","targetHints":{"allow":["GET"]}}],"collection":[{"href":"https:\/\/animacoeur.org\/index.php\/wp-json\/wp\/v2\/pages"}],"about":[{"href":"https:\/\/animacoeur.org\/index.php\/wp-json\/wp\/v2\/types\/page"}],"author":[{"embeddable":true,"href":"https:\/\/animacoeur.org\/index.php\/wp-json\/wp\/v2\/users\/1"}],"replies":[{"embeddable":true,"href":"https:\/\/animacoeur.org\/index.php\/wp-json\/wp\/v2\/comments?post=236"}],"version-history":[{"count":9,"href":"https:\/\/animacoeur.org\/index.php\/wp-json\/wp\/v2\/pages\/236\/revisions"}],"predecessor-version":[{"id":1173,"href":"https:\/\/animacoeur.org\/index.php\/wp-json\/wp\/v2\/pages\/236\/revisions\/1173"}],"up":[{"embeddable":true,"href":"https:\/\/animacoeur.org\/index.php\/wp-json\/wp\/v2\/pages\/37"}],"wp:attachment":[{"href":"https:\/\/animacoeur.org\/index.php\/wp-json\/wp\/v2\/media?parent=236"}],"curies":[{"name":"wp","href":"https:\/\/api.w.org\/{rel}","templated":true}]}}