{"id":224,"date":"2023-11-21T11:10:42","date_gmt":"2023-11-21T10:10:42","guid":{"rendered":"https:\/\/animacoeur.org\/?page_id=224"},"modified":"2025-03-03T18:11:52","modified_gmt":"2025-03-03T17:11:52","slug":"nos-actions","status":"publish","type":"page","link":"https:\/\/animacoeur.org\/index.php\/home\/nos-actions\/","title":{"rendered":"Nos actions"},"content":{"rendered":"\n<main class=\"wp-block-group main-front-page is-layout-constrained wp-block-group-is-layout-constrained\">\n<div class=\"wp-block-group alignfull wp-block-section wp-block-feature-content is-style-default has-background is-layout-constrained wp-block-group-is-layout-constrained\" style=\"background-color:#ebfdff\">\n<div class=\"wp-block-group wp-block-group-heading is-layout-flow wp-block-group-is-layout-flow\">\n<h2 class=\"wp-block-heading has-text-align-center\" id=\"mission\"> Nos actions<\/h2>\n\n\n\n<p class=\"has-text-align-center has-medium-font-size\">Nos actions au quotidien sont publi\u00e9es sur nos r\u00e9seaux <a href=\"https:\/\/www.facebook.com\/p\/Animacoeur-100064639188282\">Facebook<\/a>, <a href=\"https:\/\/www.youtube.com\/@Animacoeur\">YouTube<\/a> et <a href=\"https:\/\/www.instagram.com\/assoanimacoeur\/\">Instagram<\/a>.<\/p>\n\n\n\n<p class=\"has-text-align-center\"><a href=\"https:\/\/animacoeur.org\/index.php\/home\/nos-actions\/#mission\">Notre mission<\/a> | <a href=\"https:\/\/animacoeur.org\/index.php\/home\/nos-actions\/#operations\">Nos op\u00e9rations<\/a> | <a href=\"https:\/\/animacoeur.org\/index.php\/home\/nos-actions\/#presse\">Ils parlent de nous<\/a><\/p>\n\n\n\n<div class=\"wp-block-columns is-layout-flex wp-container-core-columns-is-layout-28f84493 wp-block-columns-is-layout-flex\">\n<div class=\"wp-block-column is-layout-flow wp-block-column-is-layout-flow\" style=\"flex-basis:100%\">\n<div class=\"wp-block-media-text is-stacked-on-mobile\" style=\"grid-template-columns:36% auto\"><figure class=\"wp-block-media-text__media\"><img loading=\"lazy\" decoding=\"async\" width=\"283\" height=\"212\" src=\"https:\/\/animacoeur.org\/wp-content\/uploads\/2023\/11\/Nourissage.jpg\" alt=\"\" class=\"wp-image-225 size-full\"\/><\/figure><div class=\"wp-block-media-text__content\">\n<p class=\"has-foreground-color has-text-color has-link-color wp-elements-221bd361f71d73554b888dcd6398422c\">Notre mission est de prot\u00e9ger les chats errants par diff\u00e9rent moyens.<\/p>\n\n\n\n<p class=\"has-foreground-color has-text-color has-link-color has-medium-font-size wp-elements-4af2dc8064dad5f919ef2ee1e3af5e7e\">\u203a En les trappant,<br>\u203a En les st\u00e9rilisant,<br>\u203a En les identifiant,<br>\u203a En les testant afin de les remettre sur leur lieu de capture,<br>\u203a En les faisant adopter.<\/p>\n<\/div><\/div>\n<\/div>\n<\/div>\n<\/div>\n\n\n\n<div class=\"wp-block-media-text is-stacked-on-mobile\"><figure class=\"wp-block-media-text__media\"><img loading=\"lazy\" decoding=\"async\" width=\"314\" height=\"210\" src=\"https:\/\/animacoeur.org\/wp-content\/uploads\/2023\/11\/Dortoir-Animacoeur.jpg\" alt=\"\" class=\"wp-image-228 size-full\" srcset=\"https:\/\/animacoeur.org\/wp-content\/uploads\/2023\/11\/Dortoir-Animacoeur.jpg 314w, https:\/\/animacoeur.org\/wp-content\/uploads\/2023\/11\/Dortoir-Animacoeur-300x201.jpg 300w\" sizes=\"auto, (max-width: 314px) 100vw, 314px\" \/><\/figure><div class=\"wp-block-media-text__content\">\n<p class=\"has-text-align-right has-foreground-color has-text-color has-link-color has-medium-font-size wp-elements-8f8be394388d644813e3ea8802e00aee\">La st\u00e9rilisation de ces chats est d\u2019une importance majeure afin d\u2019\u00e9viter toute prolif\u00e9ration anarchique des f\u00e9lins, pr\u00e9judiciable tant \u00e0 l\u2019environnement qu\u2019\u00e0 leur propre vie.<\/p>\n\n\n\n<p class=\"has-text-align-right has-foreground-color has-text-color has-link-color has-medium-font-size wp-elements-c68817a5d2ae893d71154a5754127483\">La pr\u00e9sence des animaux parmi nous est une part pleine et enti\u00e8re de l\u2019\u00e9cologie urbaine avec la biodiversit\u00e9 des esp\u00e8ces. Un bon \u00e9tat sanitaire et un lien social affich\u00e9 et renforc\u00e9, passe par une bonne connaissance des animaux de notre ville.<\/p>\n\n\n\n<p class=\"has-text-align-right has-foreground-color has-text-color has-link-color has-medium-font-size wp-elements-6fa713b86e058da0dc50169468d49042\">Tout ce bon \u00e9quilibre refl\u00e8te une image responsable de notre soci\u00e9t\u00e9.<\/p>\n<\/div><\/div>\n\n\n\n<hr class=\"wp-block-separator has-alpha-channel-opacity is-style-wide\"\/>\n\n\n\n<p class=\"has-text-align-center\" id=\"operations\"><strong>Nos op\u00e9rations<\/strong><\/p>\n\n\n\n<p class=\"has-text-align-center has-small-font-size\">Nos op\u00e9rations Resto-Chat dont le but est de collecter de la nourriture pour nos petites pensionnaires,<br>ainsi que les vide-greniers organis\u00e9s au profit de l&rsquo;association Animac\u0153ur.<\/p>\n\n\n\n<figure class=\"wp-block-gallery has-nested-images columns-default is-cropped wp-block-gallery-1 is-layout-flex wp-block-gallery-is-layout-flex\">\n<figure class=\"wp-block-image size-large\"><img loading=\"lazy\" decoding=\"async\" width=\"460\" height=\"440\" data-id=\"314\" src=\"https:\/\/animacoeur.org\/wp-content\/uploads\/2023\/12\/vg1.jpg\" alt=\"\" class=\"wp-image-314\" srcset=\"https:\/\/animacoeur.org\/wp-content\/uploads\/2023\/12\/vg1.jpg 460w, https:\/\/animacoeur.org\/wp-content\/uploads\/2023\/12\/vg1-300x287.jpg 300w\" sizes=\"auto, (max-width: 460px) 100vw, 460px\" \/><\/figure>\n\n\n\n<figure class=\"wp-block-image size-large\"><img loading=\"lazy\" decoding=\"async\" width=\"1024\" height=\"680\" data-id=\"315\" src=\"https:\/\/animacoeur.org\/wp-content\/uploads\/2023\/12\/rc4-1024x680.jpg\" alt=\"\" class=\"wp-image-315\" srcset=\"https:\/\/animacoeur.org\/wp-content\/uploads\/2023\/12\/rc4-1024x680.jpg 1024w, https:\/\/animacoeur.org\/wp-content\/uploads\/2023\/12\/rc4-300x199.jpg 300w, https:\/\/animacoeur.org\/wp-content\/uploads\/2023\/12\/rc4-768x510.jpg 768w, https:\/\/animacoeur.org\/wp-content\/uploads\/2023\/12\/rc4.jpg 1500w\" sizes=\"auto, (max-width: 1024px) 100vw, 1024px\" \/><\/figure>\n\n\n\n<figure class=\"wp-block-image size-large\"><img loading=\"lazy\" decoding=\"async\" width=\"1024\" height=\"680\" data-id=\"316\" src=\"https:\/\/animacoeur.org\/wp-content\/uploads\/2023\/12\/vg2-1024x680.jpg\" alt=\"\" class=\"wp-image-316\" srcset=\"https:\/\/animacoeur.org\/wp-content\/uploads\/2023\/12\/vg2-1024x680.jpg 1024w, https:\/\/animacoeur.org\/wp-content\/uploads\/2023\/12\/vg2-300x199.jpg 300w, https:\/\/animacoeur.org\/wp-content\/uploads\/2023\/12\/vg2-768x510.jpg 768w, https:\/\/animacoeur.org\/wp-content\/uploads\/2023\/12\/vg2.jpg 1500w\" sizes=\"auto, (max-width: 1024px) 100vw, 1024px\" \/><\/figure>\n<\/figure>\n\n\n\n<hr class=\"wp-block-separator has-alpha-channel-opacity is-style-wide\"\/>\n\n\n\n<p class=\"has-text-align-center\" id=\"presse\"><strong>Ils parlent d&rsquo;Animac\u0153ur<\/strong><\/p>\n\n\n\n<figure class=\"wp-block-gallery has-nested-images columns-default is-cropped wp-block-gallery-2 is-layout-flex wp-block-gallery-is-layout-flex\">\n<figure class=\"wp-block-image size-large\"><img loading=\"lazy\" decoding=\"async\" width=\"720\" height=\"1024\" data-id=\"1891\" src=\"https:\/\/animacoeur.org\/wp-content\/uploads\/2025\/03\/30MA-Mars25-1-720x1024.jpg\" alt=\"\" class=\"wp-image-1891\" srcset=\"https:\/\/animacoeur.org\/wp-content\/uploads\/2025\/03\/30MA-Mars25-1-720x1024.jpg 720w, https:\/\/animacoeur.org\/wp-content\/uploads\/2025\/03\/30MA-Mars25-1-211x300.jpg 211w, https:\/\/animacoeur.org\/wp-content\/uploads\/2025\/03\/30MA-Mars25-1-768x1093.jpg 768w, https:\/\/animacoeur.org\/wp-content\/uploads\/2025\/03\/30MA-Mars25-1-1080x1536.jpg 1080w, https:\/\/animacoeur.org\/wp-content\/uploads\/2025\/03\/30MA-Mars25-1-1439x2048.jpg 1439w, https:\/\/animacoeur.org\/wp-content\/uploads\/2025\/03\/30MA-Mars25-1-scaled.jpg 1799w\" sizes=\"auto, (max-width: 720px) 100vw, 720px\" \/><\/figure>\n\n\n\n<figure class=\"wp-block-image size-large\"><img loading=\"lazy\" decoding=\"async\" width=\"748\" height=\"1024\" data-id=\"1892\" src=\"https:\/\/animacoeur.org\/wp-content\/uploads\/2025\/03\/30MA-Mars25-2-748x1024.jpg\" alt=\"\" class=\"wp-image-1892\" srcset=\"https:\/\/animacoeur.org\/wp-content\/uploads\/2025\/03\/30MA-Mars25-2-748x1024.jpg 748w, https:\/\/animacoeur.org\/wp-content\/uploads\/2025\/03\/30MA-Mars25-2-219x300.jpg 219w, https:\/\/animacoeur.org\/wp-content\/uploads\/2025\/03\/30MA-Mars25-2-768x1052.jpg 768w, https:\/\/animacoeur.org\/wp-content\/uploads\/2025\/03\/30MA-Mars25-2-1121x1536.jpg 1121w, https:\/\/animacoeur.org\/wp-content\/uploads\/2025\/03\/30MA-Mars25-2-1495x2048.jpg 1495w, https:\/\/animacoeur.org\/wp-content\/uploads\/2025\/03\/30MA-Mars25-2-scaled.jpg 1869w\" sizes=\"auto, (max-width: 748px) 100vw, 748px\" \/><\/figure>\n<\/figure>\n\n\n\n<figure class=\"wp-block-gallery has-nested-images columns-default is-cropped wp-block-gallery-3 is-layout-flex wp-block-gallery-is-layout-flex\">\n<figure class=\"wp-block-image size-large\"><img loading=\"lazy\" decoding=\"async\" width=\"598\" height=\"1024\" data-id=\"292\" src=\"https:\/\/animacoeur.org\/wp-content\/uploads\/2023\/12\/article1-598x1024.jpg\" alt=\"\" class=\"wp-image-292\" srcset=\"https:\/\/animacoeur.org\/wp-content\/uploads\/2023\/12\/article1-598x1024.jpg 598w, https:\/\/animacoeur.org\/wp-content\/uploads\/2023\/12\/article1-175x300.jpg 175w, https:\/\/animacoeur.org\/wp-content\/uploads\/2023\/12\/article1-768x1316.jpg 768w, https:\/\/animacoeur.org\/wp-content\/uploads\/2023\/12\/article1-896x1536.jpg 896w, https:\/\/animacoeur.org\/wp-content\/uploads\/2023\/12\/article1.jpg 1195w\" sizes=\"auto, (max-width: 598px) 100vw, 598px\" \/><\/figure>\n\n\n\n<figure class=\"wp-block-image size-large\"><img loading=\"lazy\" decoding=\"async\" width=\"586\" height=\"1024\" data-id=\"293\" src=\"https:\/\/animacoeur.org\/wp-content\/uploads\/2023\/12\/article2-586x1024.jpg\" alt=\"\" class=\"wp-image-293\" srcset=\"https:\/\/animacoeur.org\/wp-content\/uploads\/2023\/12\/article2-586x1024.jpg 586w, https:\/\/animacoeur.org\/wp-content\/uploads\/2023\/12\/article2-172x300.jpg 172w, https:\/\/animacoeur.org\/wp-content\/uploads\/2023\/12\/article2-768x1343.jpg 768w, https:\/\/animacoeur.org\/wp-content\/uploads\/2023\/12\/article2-878x1536.jpg 878w, https:\/\/animacoeur.org\/wp-content\/uploads\/2023\/12\/article2.jpg 1171w\" sizes=\"auto, (max-width: 586px) 100vw, 586px\" \/><\/figure>\n<\/figure>\n\n\n\n<hr class=\"wp-block-separator has-alpha-channel-opacity is-style-wide\"\/>\n\n\n\n<figure class=\"wp-block-image aligncenter size-full is-resized\"><img loading=\"lazy\" decoding=\"async\" width=\"168\" height=\"72\" src=\"https:\/\/animacoeur.org\/wp-content\/uploads\/2023\/12\/Logo-Solidarite.png\" alt=\"\" class=\"wp-image-300\" style=\"width:154px;height:auto\"\/><\/figure>\n\n\n\n<figure class=\"wp-block-gallery has-nested-images columns-default is-cropped wp-block-gallery-4 is-layout-flex wp-block-gallery-is-layout-flex\">\n<figure class=\"wp-block-image size-large\"><img loading=\"lazy\" decoding=\"async\" width=\"650\" height=\"1024\" data-id=\"301\" src=\"https:\/\/animacoeur.org\/wp-content\/uploads\/2023\/12\/soli1-650x1024.jpg\" alt=\"\" class=\"wp-image-301\" srcset=\"https:\/\/animacoeur.org\/wp-content\/uploads\/2023\/12\/soli1-650x1024.jpg 650w, https:\/\/animacoeur.org\/wp-content\/uploads\/2023\/12\/soli1-191x300.jpg 191w, https:\/\/animacoeur.org\/wp-content\/uploads\/2023\/12\/soli1.jpg 696w\" sizes=\"auto, (max-width: 650px) 100vw, 650px\" \/><\/figure>\n\n\n\n<figure class=\"wp-block-image size-full\"><img loading=\"lazy\" decoding=\"async\" width=\"696\" height=\"1096\" data-id=\"305\" src=\"https:\/\/animacoeur.org\/wp-content\/uploads\/2023\/12\/soli2.jpg\" alt=\"\" class=\"wp-image-305\" srcset=\"https:\/\/animacoeur.org\/wp-content\/uploads\/2023\/12\/soli2.jpg 696w, https:\/\/animacoeur.org\/wp-content\/uploads\/2023\/12\/soli2-191x300.jpg 191w, https:\/\/animacoeur.org\/wp-content\/uploads\/2023\/12\/soli2-650x1024.jpg 650w\" sizes=\"auto, (max-width: 696px) 100vw, 696px\" \/><\/figure>\n<\/figure>\n<\/div>\n<\/main>\n","protected":false},"excerpt":{"rendered":"<p>Nos actions Nos actions au quotidien sont publi\u00e9es sur nos r\u00e9seaux Facebook, YouTube et Instagram. Notre mission | Nos op\u00e9rations | Ils parlent de nous Notre mission est de prot\u00e9ger les chats errants par diff\u00e9rent moyens. \u203a En les trappant,\u203a En les st\u00e9rilisant,\u203a En les identifiant,\u203a En les testant afin de les remettre sur leur [&hellip;]<\/p>\n","protected":false},"author":1,"featured_media":0,"parent":37,"menu_order":0,"comment_status":"closed","ping_status":"closed","template":"","meta":{"footnotes":""},"class_list":["post-224","page","type-page","status-publish","hentry"],"_links":{"self":[{"href":"https:\/\/animacoeur.org\/index.php\/wp-json\/wp\/v2\/pages\/224","targetHints":{"allow":["GET"]}}],"collection":[{"href":"https:\/\/animacoeur.org\/index.php\/wp-json\/wp\/v2\/pages"}],"about":[{"href":"https:\/\/animacoeur.org\/index.php\/wp-json\/wp\/v2\/types\/page"}],"author":[{"embeddable":true,"href":"https:\/\/animacoeur.org\/index.php\/wp-json\/wp\/v2\/users\/1"}],"replies":[{"embeddable":true,"href":"https:\/\/animacoeur.org\/index.php\/wp-json\/wp\/v2\/comments?post=224"}],"version-history":[{"count":12,"href":"https:\/\/animacoeur.org\/index.php\/wp-json\/wp\/v2\/pages\/224\/revisions"}],"predecessor-version":[{"id":1893,"href":"https:\/\/animacoeur.org\/index.php\/wp-json\/wp\/v2\/pages\/224\/revisions\/1893"}],"up":[{"embeddable":true,"href":"https:\/\/animacoeur.org\/index.php\/wp-json\/wp\/v2\/pages\/37"}],"wp:attachment":[{"href":"https:\/\/animacoeur.org\/index.php\/wp-json\/wp\/v2\/media?parent=224"}],"curies":[{"name":"wp","href":"https:\/\/api.w.org\/{rel}","templated":true}]}}